{"id":47,"date":"2024-03-11T23:24:06","date_gmt":"2024-03-11T22:24:06","guid":{"rendered":"https:\/\/www.babycessories.fr\/index.php\/produit\/bavoir-en-silicone\/"},"modified":"2025-04-21T19:46:32","modified_gmt":"2025-04-21T17:46:32","slug":"bavoir-en-silicone","status":"publish","type":"product","link":"https:\/\/www.babycessories.fr\/index.php\/produit\/bavoir-en-silicone\/","title":{"rendered":"Bavoir en silicone"},"content":{"rendered":"<p><span style=\"font-weight: 400;\"><span style=\"text-decoration: underline;\"><strong>Description<\/strong><\/span> :<\/span><\/p>\n<p><span style=\"font-weight: 400;\">Nos <strong>bavoirs en silicone<\/strong> imperm\u00e9able se portent rapidement et sans stress \u00e0 votre b\u00e9b\u00e9 gr\u00e2ce \u00e0 4 boutons faciles \u00e0 r\u00e9gler.\u00a0<\/span><\/p>\n<p><span style=\"font-weight: 400;\">Un collecteur d\u2019aliments grand et profond con\u00e7u \u00e0 l\u2019avant du bavoir permet non seulement de recueillir les d\u00e9bris alimentaires et les renversements de boissons, mais \u00e9galement de garder les v\u00eatements de votre b\u00e9b\u00e9 propres et secs.\u00a0<\/span><\/p>\n<p>Con\u00e7us pour durer,\u00a0les bavoirs en silicone de <strong>Babycessories<\/strong> se nettoient facilement avec de l\u2019eau chaude savonneuse et s\u00e8chent rapidement.<\/p>\n<p>Il ne vous restera plus qu\u2019\u00e0 les plier et \u00e0 les ranger.<\/p>\n<p><span style=\"text-decoration: underline;\"><strong>Mat\u00e9riels<\/strong><\/span> :\u00a0<\/p>\n<ul>\n<li>Silicone<\/li>\n<\/ul>\n","protected":false},"excerpt":{"rendered":"<p>Description : Nos bavoirs en silicone imperm\u00e9able se portent rapidement et sans stress \u00e0 votre b\u00e9b\u00e9 gr\u00e2ce \u00e0 4 boutons faciles \u00e0 r\u00e9gler.\u00a0 Un collecteur d\u2019aliments grand et profond con\u00e7u \u00e0 l\u2019avant du bavoir permet non seulement de recueillir les d\u00e9bris alimentaires et les renversements de boissons, mais \u00e9galement de garder les v\u00eatements de votre [&#8230;]\n","protected":false},"featured_media":46,"comment_status":"open","ping_status":"closed","template":"","meta":[],"product_cat":[15],"product_tag":[],"class_list":{"0":"post-47","1":"product","2":"type-product","3":"status-publish","4":"has-post-thumbnail","6":"product_cat-non-classe","8":"first","9":"instock","10":"shipping-taxable","11":"product-type-simple"},"_links":{"self":[{"href":"https:\/\/www.babycessories.fr\/index.php\/wp-json\/wp\/v2\/product\/47","targetHints":{"allow":["GET"]}}],"collection":[{"href":"https:\/\/www.babycessories.fr\/index.php\/wp-json\/wp\/v2\/product"}],"about":[{"href":"https:\/\/www.babycessories.fr\/index.php\/wp-json\/wp\/v2\/types\/product"}],"replies":[{"embeddable":true,"href":"https:\/\/www.babycessories.fr\/index.php\/wp-json\/wp\/v2\/comments?post=47"}],"wp:featuredmedia":[{"embeddable":true,"href":"https:\/\/www.babycessories.fr\/index.php\/wp-json\/wp\/v2\/media\/46"}],"wp:attachment":[{"href":"https:\/\/www.babycessories.fr\/index.php\/wp-json\/wp\/v2\/media?parent=47"}],"wp:term":[{"taxonomy":"product_cat","embeddable":true,"href":"https:\/\/www.babycessories.fr\/index.php\/wp-json\/wp\/v2\/product_cat?post=47"},{"taxonomy":"product_tag","embeddable":true,"href":"https:\/\/www.babycessories.fr\/index.php\/wp-json\/wp\/v2\/product_tag?post=47"}],"curies":[{"name":"wp","href":"https:\/\/api.w.org\/{rel}","templated":true}]}}